{"id":2441,"date":"2025-10-05T21:37:04","date_gmt":"2025-10-05T21:37:04","guid":{"rendered":"https:\/\/housharab.com\/?page_id=2441"},"modified":"2025-10-12T06:55:32","modified_gmt":"2025-10-12T06:55:32","slug":"%d8%b9%d9%86-%d8%a7%d9%84%d8%a8%d9%84%d8%af%d8%a9","status":"publish","type":"page","link":"https:\/\/housharab.com\/de\/%d8%b9%d9%86-%d8%a7%d9%84%d8%a8%d9%84%d8%af%d8%a9\/","title":{"rendered":"\u00dcber die Stadt"},"content":{"rendered":"<p>Umgeben von majest\u00e4tischen Bergen und fruchtbaren T\u00e4lern liegt die Stadt Hosh Arab im Herzen von Qalamoun im Rif Dimashq auf einer H\u00f6he von 1650 Metern \u00fcber dem Meeresspiegel und vereint Authentizit\u00e4t und Sch\u00f6nheit. Die Wurzeln der Stadt, die auf den Ruinen der beiden alten D\u00f6rfer \"Arab\" und \"Khreiba\" errichtet wurde, reichen fast drei Jahrhunderte zur\u00fcck und sind seither zu einem lebendigen Zeugnis einer langen Geschichte der Best\u00e4ndigkeit und Tradition geworden.<\/p>\n\n\n\n<p> Trotz ihrer geringen geografischen Ausdehnung hat sich Hosh Arab durch ihre Gro\u00dfz\u00fcgigkeit und Originalit\u00e4t zu einer gro\u00dfen Stadt entwickelt. Im Laufe ihrer Geschichte wurde sie als Stadt der Wissenschaft und des Wissens charakterisiert, so dass sie als die Stadt ohne einen einzigen Analphabeten bekannt war, da ihre S\u00f6hne im Winter nach Damaskus reisten, um dort Wissen zu erwerben, und dann im Sommer in die Stadt zur\u00fcckkehrten und eine F\u00fclle von Wissen und Erfahrung mitbrachten.<\/p>\n\n\n\n<p> Heute hat die Stadt etwa 10.000 Einwohner, von denen einige in der Stadt wohnen, w\u00e4hrend viele andere \u00fcber ganz Syrien und die Diaspora, insbesondere in Europa und den Golfstaaten, verstreut sind. Trotz der geografischen Entfernung bleibt das Band zwischen ihnen stark, geeint durch die Liebe zum Land und die Loyalit\u00e4t zu den Opfern, die Hosh Arab gebracht hat.<\/p>\n\n\n\n<p> Wirtschaftlich und landwirtschaftlich zeichnete sich die Stadt durch ihre fruchtbaren B\u00f6den und ihr mildes Klima aus und war ber\u00fchmt f\u00fcr ihre Apfel-, Kirsch-, Aprikosen-, Pfirsich- und Mandelplantagen sowie f\u00fcr den Anbau von Oliven in Mazraat Shamis. Die bergige Natur machte die Stadt zu einem unverwechselbaren landwirtschaftlichen Umfeld und zu einer Quelle des Lebensunterhalts f\u00fcr ihre Bewohner.<\/p>\n\n\n\n<p> Auf nationaler Ebene spielten die Bewohner von Hosh Arab eine herausragende Rolle in der Gro\u00dfen Syrischen Revolution (1925-1927) gegen den franz\u00f6sischen Kolonialismus, indem sie an den K\u00e4mpfen von Qalamoun teilnahmen und Opfer f\u00fcr die Freiheit brachten. Sie nahmen auch am Krieg gegen die israelische Besatzung im Oktober 1973 teil, in dem eine Reihe von M\u00e4rtyrern f\u00fcr die Verteidigung des Landes und der Heimat aufstand.<\/p>\n\n\n\n<p> Mit dem Beginn der syrischen Revolution im Jahr 2011 war Hosh Arab eine der ersten St\u00e4dte in Qalamoun, die sich der Volksbewegung anschloss und viele M\u00e4rtyrer, Gefangene und Vertriebene stellte, was bewies, dass ihre geringe Gr\u00f6\u00dfe sie nicht daran hinderte, eine wichtige nationale Rolle im Kampf gegen Ungerechtigkeit und Unterdr\u00fcckung zu spielen.<\/p>\n\n\n\n<p> Heute, nach mehr als vierzehn Jahren des Leidens, versuchen die Einwohner von Hosh Arab im In- und Ausland, ihre Stadt durch Dienstleistungs- und Entwicklungsprojekte wiederzubeleben, Waisenkinder und Familien von M\u00e4rtyrern und Gefangenen zu unterst\u00fctzen und den Geist der Solidarit\u00e4t und des Zusammenhalts unter den Einwohnern zu st\u00e4rken. Aus diesem Grund wurden diese Website und der Verein gegr\u00fcndet, die als Plattform dienen sollen, um die Geschichte und die Opfer der Stadt zu dokumentieren, die Menschen zu verbinden, wo immer sie sich befinden, und ihre Bem\u00fchungen im Dienste des Landes und der Menschheit zu vereinen.<\/p>\n\n\n\n<p> Hosh Arab wird in einer Reihe historischer und geografischer Quellen erw\u00e4hnt, darunter Yaqut al-Hamawis W\u00f6rterbuch der L\u00e4nder, die Aufzeichnungen des Osmanischen Reiches, der Orientalist Richard Pocock auf seiner Reise von 1737 und Louis al-Maaloufs W\u00f6rterbuch der syrischen D\u00f6rfer (1927). Es wurde auch in den Memoiren der Mudschahedin w\u00e4hrend der Gro\u00dfen Syrischen Revolution erw\u00e4hnt und vom Zentralen Amt f\u00fcr Statistik im Jahr 2004 mit einer Einwohnerzahl von 2 073 angegeben. In j\u00fcngerer Zeit wurden Artikel in der Enzyklop\u00e4die des Wissens und in Wikipedia ver\u00f6ffentlicht, die die historische und soziale Bedeutung des Ortes hervorheben.<\/p>\n\n\n\n<p> Hosh Arab ist nicht nur ein Punkt auf der Landkarte Syriens, sondern eine Geschichte der Standhaftigkeit und Gro\u00dfz\u00fcgigkeit, ein Symbol der Einheit und des Zusammenhalts und eine kleine Stadt mit einer gro\u00dfen nationalen und humanit\u00e4ren Rolle.<\/p>\n\n\n\n<div class=\"wp-block-group alignfull hostinger-ai-gallery-7 hostinger-ai-fade-up is-layout-flow wp-block-group-is-layout-flow\">\n<div class=\"wp-block-group alignwide hostinger-ai-fade-up is-layout-constrained wp-block-group-is-layout-constrained\" style=\"padding-top:var(--wp--preset--spacing--60);padding-bottom:var(--wp--preset--spacing--60)\">\n<h2 class=\"wp-block-heading has-text-align-center hostinger-ai-title has-dark-color has-text-color has-link-color has-x-large-font-size wp-elements-cfed4e03b0cc7ccb534561e4c1890c71\" style=\"margin-top:0;margin-right:0;margin-bottom:var(--wp--preset--spacing--20);margin-left:0\">Kultur und Stolz<\/h2>\n\n\n\n<p class=\"has-text-align-center hostinger-ai-description has-dark-color has-text-color has-link-color has-medium-font-size wp-elements-cac2183ddb810ce6cfb223a8a8d92062\" style=\"margin-top:0;margin-bottom:0\">Entdecken Sie die Geschichte der Stadt und die Bedeutung ihres kulturellen Erbes.<\/p>\n<\/div>\n\n\n\n<div class=\"wp-block-group hostinger-ai-fade-up is-layout-constrained wp-block-group-is-layout-constrained\" style=\"margin-top:0;margin-bottom:var(--wp--preset--spacing--60)\">\n<div class=\"wp-block-group alignwide video-container is-layout-constrained wp-block-group-is-layout-constrained\" style=\"border-style:none;border-width:0px;border-radius:16px;min-height:0px\">\n<figure class=\"wp-block-embed is-type-video is-provider-youtube wp-block-embed-youtube wp-embed-aspect-16-9 wp-has-aspect-ratio\"><div class=\"wp-block-embed__wrapper\">\n<iframe loading=\"lazy\" title=\"Das arabische Dorf Hawshi - eine Geschichte von Widerstandsf\u00e4higkeit, Stolz und Erneuerung\" width=\"500\" height=\"281\" src=\"https:\/\/www.youtube.com\/embed\/CK0qTAlk0Uc?feature=oembed\" frameborder=\"0\" allow=\"accelerometer; autoplay; clipboard-write; encrypted-media; gyroscope; picture-in-picture; web-share\" referrerpolicy=\"strict-origin-when-cross-origin\" allowfullscreen><\/iframe>\n<\/div><\/figure>\n<\/div>\n\n\n\n<div class=\"wp-block-columns alignwide stack-img is-layout-flex wp-container-core-columns-is-layout-28f84493 wp-block-columns-is-layout-flex\">\n<div class=\"wp-block-column is-layout-flow wp-block-column-is-layout-flow\">\n<figure class=\"wp-block-image size-full has-custom-border hostinger-ai-image hostinger-index-31\"><img loading=\"lazy\" decoding=\"async\" width=\"259\" height=\"194\" src=\"https:\/\/housharab.com\/wp-content\/uploads\/2025\/10\/images.jpeg\" alt=\"\" class=\"wp-image-4168\" style=\"border-radius:16px;aspect-ratio:1;object-fit:cover\"\/><\/figure>\n<\/div>\n\n\n\n<div class=\"wp-block-column is-layout-flow wp-block-column-is-layout-flow\">\n<figure class=\"wp-block-image size-full has-custom-border hostinger-ai-image hostinger-index-32\"><img loading=\"lazy\" decoding=\"async\" width=\"225\" height=\"225\" src=\"https:\/\/housharab.com\/wp-content\/uploads\/2025\/10\/images-2.jpeg\" alt=\"\" class=\"wp-image-4123\" style=\"border-radius:16px;aspect-ratio:1;object-fit:cover\" srcset=\"https:\/\/housharab.com\/wp-content\/uploads\/2025\/10\/images-2.jpeg 225w, https:\/\/housharab.com\/wp-content\/uploads\/2025\/10\/images-2-150x150.jpeg 150w\" sizes=\"auto, (max-width: 225px) 100vw, 225px\" \/><\/figure>\n<\/div>\n\n\n\n<div class=\"wp-block-column is-layout-flow wp-block-column-is-layout-flow\">\n<figure class=\"wp-block-image size-full has-custom-border hostinger-ai-image hostinger-index-33\"><img loading=\"lazy\" decoding=\"async\" width=\"2048\" height=\"1536\" src=\"https:\/\/housharab.com\/wp-content\/uploads\/2025\/10\/WhatsApp-Bild-2025-09-30-um-09.40.08_f58c5aaf.jpg\" alt=\"\" class=\"wp-image-4242\" style=\"border-radius:16px;aspect-ratio:1;object-fit:cover\" srcset=\"https:\/\/housharab.com\/wp-content\/uploads\/2025\/10\/WhatsApp-Bild-2025-09-30-um-09.40.08_f58c5aaf.jpg 2048w, https:\/\/housharab.com\/wp-content\/uploads\/2025\/10\/WhatsApp-Bild-2025-09-30-um-09.40.08_f58c5aaf-300x225.jpg 300w, https:\/\/housharab.com\/wp-content\/uploads\/2025\/10\/WhatsApp-Bild-2025-09-30-um-09.40.08_f58c5aaf-1024x768.jpg 1024w, https:\/\/housharab.com\/wp-content\/uploads\/2025\/10\/WhatsApp-Bild-2025-09-30-um-09.40.08_f58c5aaf-768x576.jpg 768w, https:\/\/housharab.com\/wp-content\/uploads\/2025\/10\/WhatsApp-Bild-2025-09-30-um-09.40.08_f58c5aaf-1536x1152.jpg 1536w, https:\/\/housharab.com\/wp-content\/uploads\/2025\/10\/WhatsApp-Bild-2025-09-30-um-09.40.08_f58c5aaf-16x12.jpg 16w\" sizes=\"auto, (max-width: 2048px) 100vw, 2048px\" \/><\/figure>\n<\/div>\n\n\n\n<div class=\"wp-block-column is-layout-flow wp-block-column-is-layout-flow\">\n<figure class=\"wp-block-image size-full has-custom-border hostinger-ai-image hostinger-index-34\"><img loading=\"lazy\" decoding=\"async\" width=\"2048\" height=\"1536\" src=\"https:\/\/housharab.com\/wp-content\/uploads\/2025\/10\/WhatsApp-Bild-2025-09-30-um-09.40.09_7f203f57-1.jpg\" alt=\"\" class=\"wp-image-4243\" style=\"border-radius:16px;aspect-ratio:1;object-fit:cover\" srcset=\"https:\/\/housharab.com\/wp-content\/uploads\/2025\/10\/WhatsApp-Bild-2025-09-30-um-09.40.09_7f203f57-1.jpg 2048w, https:\/\/housharab.com\/wp-content\/uploads\/2025\/10\/WhatsApp-Bild-2025-09-30-um-09.40.09_7f203f57-1-300x225.jpg 300w, https:\/\/housharab.com\/wp-content\/uploads\/2025\/10\/WhatsApp-Bild-2025-09-30-um-09.40.09_7f203f57-1-1024x768.jpg 1024w, https:\/\/housharab.com\/wp-content\/uploads\/2025\/10\/WhatsApp-Bild-2025-09-30-um-09.40.09_7f203f57-1-768x576.jpg 768w, https:\/\/housharab.com\/wp-content\/uploads\/2025\/10\/WhatsApp-Bild-2025-09-30-um-09.40.09_7f203f57-1-1536x1152.jpg 1536w, https:\/\/housharab.com\/wp-content\/uploads\/2025\/10\/WhatsApp-Bild-2025-09-30-um-09.40.09_7f203f57-1-16x12.jpg 16w\" sizes=\"auto, (max-width: 2048px) 100vw, 2048px\" \/><\/figure>\n<\/div>\n\n\n\n<div class=\"wp-block-column is-layout-flow wp-block-column-is-layout-flow\">\n<figure class=\"wp-block-image size-full has-custom-border hostinger-ai-image hostinger-index-35 is-style-default\"><img loading=\"lazy\" decoding=\"async\" width=\"800\" height=\"480\" src=\"https:\/\/housharab.com\/wp-content\/uploads\/2025\/10\/11052508.jpg\" alt=\"\" class=\"wp-image-4126\" style=\"border-radius:16px;aspect-ratio:1;object-fit:cover\" srcset=\"https:\/\/housharab.com\/wp-content\/uploads\/2025\/10\/11052508.jpg 800w, https:\/\/housharab.com\/wp-content\/uploads\/2025\/10\/11052508-300x180.jpg 300w, https:\/\/housharab.com\/wp-content\/uploads\/2025\/10\/11052508-768x461.jpg 768w\" sizes=\"auto, (max-width: 800px) 100vw, 800px\" \/><\/figure>\n<\/div>\n<\/div>\n<\/div>\n\n\n\n<div class=\"wp-block-uagb-image uagb-block-90e9fb80 wp-block-uagb-image--layout-default wp-block-uagb-image--effect-static wp-block-uagb-image--align-none\"><figure class=\"wp-block-uagb-image__figure\"><img decoding=\"async\" srcset=\"https:\/\/housharab.com\/wp-content\/uploads\/2025\/10\/image.webp ,https:\/\/housharab.com\/wp-content\/uploads\/2025\/10\/image.webp 780w, https:\/\/housharab.com\/wp-content\/uploads\/2025\/10\/image.webp 360w\" sizes=\"auto, (max-width: 480px) 150px\" src=\"https:\/\/housharab.com\/wp-content\/uploads\/2025\/10\/image.webp\" alt=\"\" class=\"uag-image-4254\" width=\"1024\" height=\"768\" title=\"image\" loading=\"lazy\" role=\"img\"\/><\/figure><\/div>\n<\/div>\n\n\n\n<div class=\"wp-block-group alignwide hostinger-ai-fade-up is-layout-constrained wp-block-group-is-layout-constrained\" style=\"padding-top:0;padding-bottom:0\">\n<div class=\"wp-block-group alignwide hostinger-ai-fade-up is-content-justification-left is-layout-constrained wp-container-core-group-is-layout-12dd3699 wp-block-group-is-layout-constrained\">\n<h2 class=\"wp-block-heading has-text-align-left hostinger-ai-title has-dark-color has-text-color has-link-color has-x-large-font-size wp-elements-39ef2b5068c33da0af5ed379df670753\" style=\"margin-top:0;margin-right:0;margin-bottom:var(--wp--preset--spacing--40);margin-left:0\">Geografischer Standort<\/h2>\n\n\n\n<p class=\"has-text-align-left hostinger-ai-description has-medium-font-size\" style=\"margin-bottom:var(--wp--preset--spacing--40)\">Die Stadt liegt im Herzen des sch\u00f6nen Syriens.<\/p>\n\n\n\n<div class=\"wp-block-group alignfull hostinger-ai-fade-up is-layout-flow wp-block-group-is-layout-flow\">\n<iframe src=\"https:\/\/www.google.com\/maps\/embed?pb=!1m18!1m12!1m3!1d331383.7978616796!2d36.28617795009497!3d33.81665459495723!2m3!1f0!2f0!3f0!3m2!1i1024!2i768!4f13.1!3m3!1m2!1s0x15188fcf581187a7%3A0x444b4b00caa2720b!2sHosh%20Arab%2C%20Syria!5e1!3m2!1sen!2sde!4v1759702398684!5m2!1sen!2sde\" height=\"450\" style=\"width: 100%; min-width: 100%; border:0;\" allowfullscreen=\"\" loading=\"lazy\" referrerpolicy=\"no-referrer-when-downgrade\"><\/iframe>\n<\/div>\n<\/div>\n<\/div>\n\n\n\n<p><\/p>","protected":false},"excerpt":{"rendered":"<p>\u062a\u0642\u0639 \u0628\u0644\u062f\u0629 \u062d\u0648\u0634 \u0639\u0631\u0628 \u0641\u064a \u0642\u0644\u0628 \u0627\u0644\u0642\u0644\u0645\u0648\u0646 \u0628\u0631\u064a\u0641 \u062f\u0645\u0634\u0642\u060c \u0639\u0644\u0649 \u0627\u0631\u062a\u0641\u0627\u0639 \u064a\u0642\u0627\u0631\u0628 1650 \u0645\u062a\u0631\u064b\u0627 \u0641\u0648\u0642 \u0633\u0637\u062d \u0627\u0644\u0628\u062d\u0631\u060c \u0645\u062d\u0627\u0637\u0629 \u0628\u062c\u0628\u0627\u0644 \u0634\u0627\u0645\u062e\u0629 \u0648\u0623\u0648\u062f\u064a\u0629 \u062e\u0635\u0628\u0629 \u062c\u0639\u0644\u062a \u0645\u0646\u0647\u0627 \u0628\u0644\u062f\u0629 \u062a\u062c\u0645\u0639 \u0628\u064a\u0646 \u0627\u0644\u0623\u0635\u0627\u0644\u0629 \u0648\u0627\u0644\u062c\u0645\u0627\u0644. \u062a\u0639\u0648\u062f \u062c\u0630\u0648\u0631 \u0627\u0644\u0628\u0644\u062f\u0629 \u0625\u0644\u0649 \u0645\u0627 \u064a\u0642\u0627\u0631\u0628 \u062b\u0644\u0627\u062b\u0629 \u0642\u0631\u0648\u0646\u060c \u0625\u0630 \u0628\u064f\u0646\u064a\u062a \u0641\u0648\u0642 \u0623\u0646\u0642\u0627\u0636 \u0642\u0631\u064a\u062a\u064a\u0646 \u0642\u062f\u064a\u0645\u062a\u064a\u0646 \u0647\u0645\u0627 \u00ab\u0639\u0631\u0628\u00bb \u0648\u00ab\u0627\u0644\u062e\u0631\u064a\u0628\u0629\u00bb\u060c \u0644\u062a\u0635\u0628\u062d \u0645\u0646\u0630 \u0630\u0644\u0643 \u0627\u0644\u062d\u064a\u0646 \u0634\u0627\u0647\u062f\u064b\u0627 \u062d\u064a\u064b\u0627 \u0639\u0644\u0649 \u062a\u0627\u0631\u064a\u062e \u0637\u0648\u064a\u0644 [&hellip;]<\/p>","protected":false},"author":1,"featured_media":0,"parent":0,"menu_order":0,"comment_status":"closed","ping_status":"closed","template":"","meta":{"_uag_custom_page_level_css":"","site-sidebar-layout":"default","site-content-layout":"","ast-site-content-layout":"default","site-content-style":"default","site-sidebar-style":"default","ast-global-header-display":"","ast-banner-title-visibility":"","ast-main-header-display":"","ast-hfb-above-header-display":"","ast-hfb-below-header-display":"","ast-hfb-mobile-header-display":"","site-post-title":"","ast-breadcrumbs-content":"","ast-featured-img":"","footer-sml-layout":"","theme-transparent-header-meta":"","adv-header-id-meta":"","stick-header-meta":"","header-above-stick-meta":"","header-main-stick-meta":"","header-below-stick-meta":"","astra-migrate-meta-layouts":"set","ast-page-background-enabled":"default","ast-page-background-meta":{"desktop":{"background-color":"","background-image":"","background-repeat":"repeat","background-position":"center center","background-size":"auto","background-attachment":"scroll","background-type":"","background-media":"","overlay-type":"","overlay-color":"","overlay-opacity":"","overlay-gradient":""},"tablet":{"background-color":"","background-image":"","background-repeat":"repeat","background-position":"center center","background-size":"auto","background-attachment":"scroll","background-type":"","background-media":"","overlay-type":"","overlay-color":"","overlay-opacity":"","overlay-gradient":""},"mobile":{"background-color":"","background-image":"","background-repeat":"repeat","background-position":"center center","background-size":"auto","background-attachment":"scroll","background-type":"","background-media":"","overlay-type":"","overlay-color":"","overlay-opacity":"","overlay-gradient":""}},"ast-content-background-meta":{"desktop":{"background-color":"var(--ast-global-color-5)","background-image":"","background-repeat":"repeat","background-position":"center center","background-size":"auto","background-attachment":"scroll","background-type":"","background-media":"","overlay-type":"","overlay-color":"","overlay-opacity":"","overlay-gradient":""},"tablet":{"background-color":"var(--ast-global-color-5)","background-image":"","background-repeat":"repeat","background-position":"center center","background-size":"auto","background-attachment":"scroll","background-type":"","background-media":"","overlay-type":"","overlay-color":"","overlay-opacity":"","overlay-gradient":""},"mobile":{"background-color":"var(--ast-global-color-5)","background-image":"","background-repeat":"repeat","background-position":"center center","background-size":"auto","background-attachment":"scroll","background-type":"","background-media":"","overlay-type":"","overlay-color":"","overlay-opacity":"","overlay-gradient":""}},"footnotes":""},"class_list":["post-2441","page","type-page","status-publish","hentry"],"aioseo_notices":[],"_hostinger_reach_plugin_has_subscription_block":false,"_hostinger_reach_plugin_is_elementor":false,"uagb_featured_image_src":{"full":false,"thumbnail":false,"medium":false,"medium_large":false,"large":false,"1536x1536":false,"2048x2048":false,"trp-custom-language-flag":false},"uagb_author_info":{"display_name":"freeburnet@icloud.com","author_link":"https:\/\/housharab.com\/de\/author\/freeburneticloud-com\/"},"uagb_comment_info":0,"uagb_excerpt":"\u062a\u0642\u0639 \u0628\u0644\u062f\u0629 \u062d\u0648\u0634 \u0639\u0631\u0628 \u0641\u064a \u0642\u0644\u0628 \u0627\u0644\u0642\u0644\u0645\u0648\u0646 \u0628\u0631\u064a\u0641 \u062f\u0645\u0634\u0642\u060c \u0639\u0644\u0649 \u0627\u0631\u062a\u0641\u0627\u0639 \u064a\u0642\u0627\u0631\u0628 1650 \u0645\u062a\u0631\u064b\u0627 \u0641\u0648\u0642 \u0633\u0637\u062d \u0627\u0644\u0628\u062d\u0631\u060c \u0645\u062d\u0627\u0637\u0629 \u0628\u062c\u0628\u0627\u0644 \u0634\u0627\u0645\u062e\u0629 \u0648\u0623\u0648\u062f\u064a\u0629 \u062e\u0635\u0628\u0629 \u062c\u0639\u0644\u062a \u0645\u0646\u0647\u0627 \u0628\u0644\u062f\u0629 \u062a\u062c\u0645\u0639 \u0628\u064a\u0646 \u0627\u0644\u0623\u0635\u0627\u0644\u0629 \u0648\u0627\u0644\u062c\u0645\u0627\u0644. \u062a\u0639\u0648\u062f \u062c\u0630\u0648\u0631 \u0627\u0644\u0628\u0644\u062f\u0629 \u0625\u0644\u0649 \u0645\u0627 \u064a\u0642\u0627\u0631\u0628 \u062b\u0644\u0627\u062b\u0629 \u0642\u0631\u0648\u0646\u060c \u0625\u0630 \u0628\u064f\u0646\u064a\u062a \u0641\u0648\u0642 \u0623\u0646\u0642\u0627\u0636 \u0642\u0631\u064a\u062a\u064a\u0646 \u0642\u062f\u064a\u0645\u062a\u064a\u0646 \u0647\u0645\u0627 \u00ab\u0639\u0631\u0628\u00bb \u0648\u00ab\u0627\u0644\u062e\u0631\u064a\u0628\u0629\u00bb\u060c \u0644\u062a\u0635\u0628\u062d \u0645\u0646\u0630 \u0630\u0644\u0643 \u0627\u0644\u062d\u064a\u0646 \u0634\u0627\u0647\u062f\u064b\u0627 \u062d\u064a\u064b\u0627 \u0639\u0644\u0649 \u062a\u0627\u0631\u064a\u062e \u0637\u0648\u064a\u0644&hellip;","_links":{"self":[{"href":"https:\/\/housharab.com\/de\/wp-json\/wp\/v2\/pages\/2441","targetHints":{"allow":["GET"]}}],"collection":[{"href":"https:\/\/housharab.com\/de\/wp-json\/wp\/v2\/pages"}],"about":[{"href":"https:\/\/housharab.com\/de\/wp-json\/wp\/v2\/types\/page"}],"author":[{"embeddable":true,"href":"https:\/\/housharab.com\/de\/wp-json\/wp\/v2\/users\/1"}],"replies":[{"embeddable":true,"href":"https:\/\/housharab.com\/de\/wp-json\/wp\/v2\/comments?post=2441"}],"version-history":[{"count":25,"href":"https:\/\/housharab.com\/de\/wp-json\/wp\/v2\/pages\/2441\/revisions"}],"predecessor-version":[{"id":4257,"href":"https:\/\/housharab.com\/de\/wp-json\/wp\/v2\/pages\/2441\/revisions\/4257"}],"wp:attachment":[{"href":"https:\/\/housharab.com\/de\/wp-json\/wp\/v2\/media?parent=2441"}],"curies":[{"name":"wp","href":"https:\/\/api.w.org\/{rel}","templated":true}]}}