{"id":1720,"date":"2025-10-05T14:06:13","date_gmt":"2025-10-05T14:06:13","guid":{"rendered":"https:\/\/housharab.com\/about\/"},"modified":"2025-10-24T10:08:21","modified_gmt":"2025-10-24T10:08:21","slug":"about","status":"publish","type":"page","link":"https:\/\/housharab.com\/de\/about\/","title":{"rendered":"Wer wir sind"},"content":{"rendered":"<div class=\"wp-block-uagb-container uagb-block-3cccbad4 alignfull uagb-is-root-container\"><div class=\"uagb-container-inner-blocks-wrap\">\n<div class=\"wp-block-uagb-advanced-heading uagb-block-b2acb170\"><h1 class=\"uagb-heading-text\">Wer wir sind<\/h1><\/div>\n<\/div><\/div>\n\n\n\n<div class=\"wp-block-uagb-container uagb-layout-grid uagb-block-8fd792d8 alignfull uagb-is-root-container\"><div class=\"uagb-container-inner-blocks-wrap\">\n<div class=\"wp-block-uagb-container uagb-block-3cc4a0cb\">\n<div class=\"wp-block-uagb-advanced-heading uagb-block-965c6155\"><p class=\"uagb-heading-text\">Wir, die Bewohner der Stadt Hosh Arab in Qalamoun im Umland von Damaskus, trugen die Sorgen und Hoffnungen unserer Stadt in uns und beschlossen, eine offizielle Plattform und einen humanit\u00e4ren Verein zu gr\u00fcnden, der als Dach f\u00fcr alle unsere Menschen in der Heimat und in der Diaspora dienen soll.<br><\/p><\/div>\n\n\n\n<div class=\"wp-block-uagb-info-box uagb-block-03af5882 uagb-infobox__content-wrap  uagb-infobox-icon-above-title uagb-infobox-image-valign-top wp-block-uagb-info-box--has-margin\"><div class=\"uagb-infobox-margin-wrapper\"><div class=\"uagb-ifb-content\"><div class=\"uagb-ifb-title-wrap\"><h2 class=\"uagb-ifb-title\">Unsere Botschaft<\/h2><\/div><p class=\"uagb-ifb-desc\">Wir wollen die Geschichte unserer Stadt und die gro\u00dfen Opfer, die M\u00e4rtyrer, Gefangene und Vertriebene gebracht haben, dokumentieren und ihre Rolle in der syrischen Gesellschaft herausstellen. Dar\u00fcber hinaus unterst\u00fctzen wir Waisen und Familien von M\u00e4rtyrern und Gefangenen und bieten humanit\u00e4re Initiativen und Dienstleistungen an, die unserer Bev\u00f6lkerung helfen, sich von den Auswirkungen des Krieges zu erholen.<\/p><\/div><\/div><\/div>\n\n\n\n<div class=\"wp-block-uagb-info-box uagb-block-50aca245 uagb-infobox__content-wrap  uagb-infobox-icon-above-title uagb-infobox-image-valign-top wp-block-uagb-info-box--has-margin\"><div class=\"uagb-infobox-margin-wrapper\"><div class=\"uagb-ifb-content\"><div class=\"uagb-ifb-title-wrap\"><h2 class=\"uagb-ifb-title\">Unser Leitbild<\/h2><\/div><p class=\"uagb-ifb-desc\">Hosh Arab soll zu einem Modell der Einheit und des Zusammenhalts werden, zu einer Plattform, die die Zusammenarbeit zwischen den Menschen f\u00f6rdert, wo immer sie sich aufhalten, und die zum Wiederaufbau und zur Entwicklung des Landes beitr\u00e4gt, damit es seine Position als aktiver Teil der Nation wiedererlangen kann.<\/p><\/div><\/div><\/div>\n\n\n\n<div class=\"wp-block-uagb-info-box uagb-block-1d56db71 uagb-infobox__content-wrap  uagb-infobox-icon-above-title uagb-infobox-image-valign-top wp-block-uagb-info-box--has-margin\"><div class=\"uagb-infobox-margin-wrapper\"><div class=\"uagb-ifb-content\"><div class=\"uagb-ifb-title-wrap\"><h2 class=\"uagb-ifb-title\">Unsere Ziele<\/h2><\/div><p class=\"uagb-ifb-desc\"><strong>- Schaffung einer inklusiven medialen und sozialen Plattform f\u00fcr die Menschen in der Stadt.<br>- Verst\u00e4rkung der Kommunikation zwischen Heimat und Diaspora.<br>- Unterst\u00fctzung von Dienstleistungs- und Entwicklungsprojekten.<br>- Beitrag zur Betreuung von Waisenkindern und betroffenen Familien.<br>- Hervorhebung des Images der Stadt als Symbol der Einheit und Gro\u00dfz\u00fcgigkeit.<\/strong><\/p><\/div><\/div><\/div>\n\n\n\n<div class=\"wp-block-uagb-social-share uagb-social-share__outer-wrap uagb-social-share__layout-horizontal uagb-block-0c9680bf\">\n<div class=\"wp-block-uagb-social-share-child uagb-ss-repeater uagb-ss__wrapper uagb-block-b00ad8a6\"><span class=\"uagb-ss__link\" data-href=\"https:\/\/www.facebook.com\/sharer.php?u=\" tabindex=\"0\" role=\"button\" aria-label=\"facebook\"><span class=\"uagb-ss__source-wrap\"><span class=\"uagb-ss__source-icon\"><svg xmlns=\"https:\/\/www.w3.org\/2000\/svg\" viewbox=\"0 0 512 512\"><path d=\"M504 256C504 119 393 8 256 8S8 119 8 256c0 123.8 90.69 226.4 209.3 245V327.7h-63V256h63v-54.64c0-62.15 37-96.48 93.67-96.48 27.14 0 55.52 4.84 55.52 4.84v61h-31.28c-30.8 0-40.41 19.12-40.41 38.73V256h68.78l-11 71.69h-57.78V501C413.3 482.4 504 379.8 504 256z\"><\/path><\/svg><\/span><\/span><\/span><\/div>\n\n\n\n<div class=\"wp-block-uagb-social-share-child uagb-ss-repeater uagb-ss__wrapper uagb-block-6ec3da9f\"><span class=\"uagb-ss__link\" data-href=\"https:\/\/pinterest.com\/pin\/create\/link\/?url=\" tabindex=\"0\" role=\"button\" aria-label=\"pinterest\"><span class=\"uagb-ss__source-wrap\"><span class=\"uagb-ss__source-icon\"><svg xmlns=\"https:\/\/www.w3.org\/2000\/svg\" viewbox=\"0 0 448 512\"><path d=\"M224.1 141c-63.6 0-114.9 51.3-114.9 114.9s51.3 114.9 114.9 114.9S339 319.5 339 255.9 287.7 141 224.1 141zm0 189.6c-41.1 0-74.7-33.5-74.7-74.7s33.5-74.7 74.7-74.7 74.7 33.5 74.7 74.7-33.6 74.7-74.7 74.7zm146.4-194.3c0 14.9-12 26.8-26.8 26.8-14.9 0-26.8-12-26.8-26.8s12-26.8 26.8-26.8 26.8 12 26.8 26.8zm76.1 27.2c-1.7-35.9-9.9-67.7-36.2-93.9-26.2-26.2-58-34.4-93.9-36.2-37-2.1-147.9-2.1-184.9 0-35.8 1.7-67.6 9.9-93.9 36.1s-34.4 58-36.2 93.9c-2.1 37-2.1 147.9 0 184.9 1.7 35.9 9.9 67.7 36.2 93.9s58 34.4 93.9 36.2c37 2.1 147.9 2.1 184.9 0 35.9-1.7 67.7-9.9 93.9-36.2 26.2-26.2 34.4-58 36.2-93.9 2.1-37 2.1-147.8 0-184.8zM398.8 388c-7.8 19.6-22.9 34.7-42.6 42.6-29.5 11.7-99.5 9-132.1 9s-102.7 2.6-132.1-9c-19.6-7.8-34.7-22.9-42.6-42.6-11.7-29.5-9-99.5-9-132.1s-2.6-102.7 9-132.1c7.8-19.6 22.9-34.7 42.6-42.6 29.5-11.7 99.5-9 132.1-9s102.7-2.6 132.1 9c19.6 7.8 34.7 22.9 42.6 42.6 11.7 29.5 9 99.5 9 132.1s2.7 102.7-9 132.1z\"><\/path><\/svg><\/span><\/span><\/span><\/div>\n\n\n\n<div class=\"wp-block-uagb-social-share-child uagb-ss-repeater uagb-ss__wrapper uagb-block-7f4b6714\"><span class=\"uagb-ss__link\" data-href=\"https:\/\/www.linkedin.com\/shareArticle?url=\" tabindex=\"0\" role=\"button\" aria-label=\"linkedin\"><span class=\"uagb-ss__source-wrap\"><span class=\"uagb-ss__source-icon\"><svg xmlns=\"https:\/\/www.w3.org\/2000\/svg\" viewbox=\"0 0 576 512\"><path d=\"M549.7 124.1c-6.281-23.65-24.79-42.28-48.28-48.6C458.8 64 288 64 288 64S117.2 64 74.63 75.49c-23.5 6.322-42 24.95-48.28 48.6-11.41 42.87-11.41 132.3-11.41 132.3s0 89.44 11.41 132.3c6.281 23.65 24.79 41.5 48.28 47.82C117.2 448 288 448 288 448s170.8 0 213.4-11.49c23.5-6.321 42-24.17 48.28-47.82 11.41-42.87 11.41-132.3 11.41-132.3s0-89.44-11.41-132.3zm-317.5 213.5V175.2l142.7 81.21-142.7 81.2z\"><\/path><\/svg><\/span><\/span><\/span><\/div>\n<\/div>\n<\/div>\n\n\n\n<div class=\"wp-block-uagb-image uagb-block-0b32e2d8 wp-block-uagb-image--layout-default wp-block-uagb-image--effect-static wp-block-uagb-image--align-none\"><figure class=\"wp-block-uagb-image__figure\"><img decoding=\"async\" srcset=\"https:\/\/housharab.com\/wp-content\/uploads\/2025\/10\/b4b3c327-78a9-43d6-abd8-61f06ee21ce2-olGGI.webp ,https:\/\/housharab.com\/wp-content\/uploads\/2025\/10\/b4b3c327-78a9-43d6-abd8-61f06ee21ce2-olGGI.webp 780w, https:\/\/housharab.com\/wp-content\/uploads\/2025\/10\/b4b3c327-78a9-43d6-abd8-61f06ee21ce2-olGGI-150x150.webp 360w\" sizes=\"auto, (max-width: 480px) 150px\" src=\"https:\/\/housharab.com\/wp-content\/uploads\/2025\/10\/b4b3c327-78a9-43d6-abd8-61f06ee21ce2-olGGI.webp\" alt=\"\" class=\"uag-image-2287\" width=\"800\" height=\"700\" title=\"b4b3c327-78a9-43d6-abd8-61f06ee21ce2-olGGI\" loading=\"lazy\" role=\"img\"\/><\/figure><\/div>\n<\/div><\/div>\n\n\n\n<div data-aos= \"fade-up\" data-aos-duration=\"400\" data-aos-delay=\"0\" data-aos-easing=\"ease\" data-aos-once=\"true\" class=\"wp-block-uagb-container uagb-block-76b88a11 alignfull uagb-is-root-container\"><div class=\"uagb-container-inner-blocks-wrap\">\n<div class=\"wp-block-uagb-advanced-heading uagb-block-8a3fef1e\"><h2 class=\"uagb-heading-text\">Mitglieder des Vereins<\/h2><\/div>\n<\/div><\/div>\n\n\n\n<div class=\"wp-block-uagb-container uagb-block-4f195d1d alignfull uagb-is-root-container\"><div class=\"uagb-container-inner-blocks-wrap\">\n<div class=\"wp-block-uagb-advanced-heading uagb-block-665ea58b\"><h2 class=\"uagb-heading-text\">H\u00e4ufig gestellte Fragen<\/h2><\/div>\n<\/div><\/div>\n\n\n\n<p><\/p>","protected":false},"excerpt":{"rendered":"<p>\u0645\u0646 \u0646\u062d\u0646 \u0646\u062d\u0646 \u0623\u0628\u0646\u0627\u0621 \u0628\u0644\u062f\u0629 \u062d\u0648\u0634 \u0639\u0631\u0628 \u0641\u064a \u0627\u0644\u0642\u0644\u0645\u0648\u0646 \u0628\u0631\u064a\u0641 \u062f\u0645\u0634\u0642\u060c \u062d\u0645\u0644\u0646\u0627 \u0647\u0645\u0648\u0645 \u0628\u0644\u062f\u062a\u0646\u0627 \u0648\u0622\u0645\u0627\u0644\u0647\u0627\u060c \u0648\u0642\u0631\u0631\u0646\u0627 \u0623\u0646 \u0646\u0624\u0633\u0633 \u0645\u0646\u0635\u0629 \u0631\u0633\u0645\u064a\u0629 \u0648\u062c\u0645\u0639\u064a\u0629 \u0625\u0646\u0633\u0627\u0646\u064a\u0629 \u062a\u0643\u0648\u0646 \u0645\u0638\u0644\u0629 \u062c\u0627\u0645\u0639\u0629 \u0644\u0643\u0644 \u0623\u0647\u0644\u0646\u0627 \u0641\u064a \u0627\u0644\u062f\u0627\u062e\u0644 \u0648\u0627\u0644\u0645\u0647\u062c\u0631. \u0623\u0639\u0636\u0627\u0621 \u0627\u0644\u062c\u0645\u0639\u064a\u0629 \u0627\u0644\u0623\u0633\u0626\u0644\u0629 \u0627\u0644\u0634\u0627\u0626\u0639\u0629<\/p>","protected":false},"author":1,"featured_media":0,"parent":0,"menu_order":0,"comment_status":"closed","ping_status":"closed","template":"","meta":{"_uag_custom_page_level_css":"","site-sidebar-layout":"no-sidebar","site-content-layout":"plain-container","ast-site-content-layout":"normal-width-container","site-content-style":"unboxed","site-sidebar-style":"unboxed","ast-global-header-display":"","ast-banner-title-visibility":"","ast-main-header-display":"","ast-hfb-above-header-display":"","ast-hfb-below-header-display":"","ast-hfb-mobile-header-display":"","site-post-title":"disabled","ast-breadcrumbs-content":"","ast-featured-img":"disabled","footer-sml-layout":"","theme-transparent-header-meta":"default","adv-header-id-meta":"","stick-header-meta":"","header-above-stick-meta":"","header-main-stick-meta":"","header-below-stick-meta":"","astra-migrate-meta-layouts":"set","ast-page-background-enabled":"default","ast-page-background-meta":{"desktop":{"background-color":"","background-image":"","background-repeat":"repeat","background-position":"center center","background-size":"auto","background-attachment":"scroll","background-type":"","background-media":"","overlay-type":"","overlay-color":"","overlay-opacity":"","overlay-gradient":""},"tablet":{"background-color":"","background-image":"","background-repeat":"repeat","background-position":"center center","background-size":"auto","background-attachment":"scroll","background-type":"","background-media":"","overlay-type":"","overlay-color":"","overlay-opacity":"","overlay-gradient":""},"mobile":{"background-color":"","background-image":"","background-repeat":"repeat","background-position":"center center","background-size":"auto","background-attachment":"scroll","background-type":"","background-media":"","overlay-type":"","overlay-color":"","overlay-opacity":"","overlay-gradient":""}},"ast-content-background-meta":{"desktop":{"background-color":"var(--ast-global-color-5)","background-image":"","background-repeat":"repeat","background-position":"center center","background-size":"auto","background-attachment":"scroll","background-type":"","background-media":"","overlay-type":"","overlay-color":"","overlay-opacity":"","overlay-gradient":""},"tablet":{"background-color":"var(--ast-global-color-5)","background-image":"","background-repeat":"repeat","background-position":"center center","background-size":"auto","background-attachment":"scroll","background-type":"","background-media":"","overlay-type":"","overlay-color":"","overlay-opacity":"","overlay-gradient":""},"mobile":{"background-color":"var(--ast-global-color-5)","background-image":"","background-repeat":"repeat","background-position":"center center","background-size":"auto","background-attachment":"scroll","background-type":"","background-media":"","overlay-type":"","overlay-color":"","overlay-opacity":"","overlay-gradient":""}},"footnotes":""},"class_list":["post-1720","page","type-page","status-publish","hentry"],"aioseo_notices":[],"_hostinger_reach_plugin_has_subscription_block":false,"_hostinger_reach_plugin_is_elementor":false,"uagb_featured_image_src":{"full":false,"thumbnail":false,"medium":false,"medium_large":false,"large":false,"1536x1536":false,"2048x2048":false,"trp-custom-language-flag":false},"uagb_author_info":{"display_name":"freeburnet@icloud.com","author_link":"https:\/\/housharab.com\/de\/author\/freeburneticloud-com\/"},"uagb_comment_info":0,"uagb_excerpt":"\u0645\u0646 \u0646\u062d\u0646 \u0646\u062d\u0646 \u0623\u0628\u0646\u0627\u0621 \u0628\u0644\u062f\u0629 \u062d\u0648\u0634 \u0639\u0631\u0628 \u0641\u064a \u0627\u0644\u0642\u0644\u0645\u0648\u0646 \u0628\u0631\u064a\u0641 \u062f\u0645\u0634\u0642\u060c \u062d\u0645\u0644\u0646\u0627 \u0647\u0645\u0648\u0645 \u0628\u0644\u062f\u062a\u0646\u0627 \u0648\u0622\u0645\u0627\u0644\u0647\u0627\u060c \u0648\u0642\u0631\u0631\u0646\u0627 \u0623\u0646 \u0646\u0624\u0633\u0633 \u0645\u0646\u0635\u0629 \u0631\u0633\u0645\u064a\u0629 \u0648\u062c\u0645\u0639\u064a\u0629 \u0625\u0646\u0633\u0627\u0646\u064a\u0629 \u062a\u0643\u0648\u0646 \u0645\u0638\u0644\u0629 \u062c\u0627\u0645\u0639\u0629 \u0644\u0643\u0644 \u0623\u0647\u0644\u0646\u0627 \u0641\u064a \u0627\u0644\u062f\u0627\u062e\u0644 \u0648\u0627\u0644\u0645\u0647\u062c\u0631. \u0623\u0639\u0636\u0627\u0621 \u0627\u0644\u062c\u0645\u0639\u064a\u0629 \u0627\u0644\u0623\u0633\u0626\u0644\u0629 \u0627\u0644\u0634\u0627\u0626\u0639\u0629","_links":{"self":[{"href":"https:\/\/housharab.com\/de\/wp-json\/wp\/v2\/pages\/1720","targetHints":{"allow":["GET"]}}],"collection":[{"href":"https:\/\/housharab.com\/de\/wp-json\/wp\/v2\/pages"}],"about":[{"href":"https:\/\/housharab.com\/de\/wp-json\/wp\/v2\/types\/page"}],"author":[{"embeddable":true,"href":"https:\/\/housharab.com\/de\/wp-json\/wp\/v2\/users\/1"}],"replies":[{"embeddable":true,"href":"https:\/\/housharab.com\/de\/wp-json\/wp\/v2\/comments?post=1720"}],"version-history":[{"count":25,"href":"https:\/\/housharab.com\/de\/wp-json\/wp\/v2\/pages\/1720\/revisions"}],"predecessor-version":[{"id":4327,"href":"https:\/\/housharab.com\/de\/wp-json\/wp\/v2\/pages\/1720\/revisions\/4327"}],"wp:attachment":[{"href":"https:\/\/housharab.com\/de\/wp-json\/wp\/v2\/media?parent=1720"}],"curies":[{"name":"wp","href":"https:\/\/api.w.org\/{rel}","templated":true}]}}